{"id":5744,"date":"2023-07-06T19:45:36","date_gmt":"2023-07-06T19:45:36","guid":{"rendered":"https:\/\/plasvacc.com\/company-overview-plasvacc-chile\/"},"modified":"2024-10-08T22:43:15","modified_gmt":"2024-10-08T22:43:15","slug":"company-overview","status":"publish","type":"page","link":"https:\/\/plasvacc.com\/cl\/company-overview\/","title":{"rendered":"Company Overview"},"content":{"rendered":"<div id=\"cs-content\" class=\"cs-content\"><\/div>\n","protected":false},"excerpt":{"rendered":"<p>There&#8217;s nothing more disappointing than losing a foal when something could have been done to help it. It&#8217;s heartbreaking. It happened to us. That&#8217;s the reason we started Plasvacc. Our commitment to always going one step further From our stringent purity and safety controls to the care of our donor animals, we don\u2019t stop at \u201cgood enough.\u201d At Plasvacc, we &#8230; <\/p>\n<div><a href=\"https:\/\/plasvacc.com\/cl\/company-overview\/\" class=\"more-link\">Read More<\/a><\/div>\n","protected":false},"author":1,"featured_media":0,"parent":0,"menu_order":0,"comment_status":"closed","ping_status":"closed","template":"template-blank-4.php","meta":{"footnotes":""},"class_list":["post-5744","page","type-page","status-publish","hentry","no-post-thumbnail"],"acf":[],"yoast_head":"<!-- This site is optimized with the Yoast SEO plugin v23.9 - https:\/\/yoast.com\/wordpress\/plugins\/seo\/ -->\n<title>Company Overview - Plasvacc Chile<\/title>\n<meta name=\"description\" content=\"En Plasvacc Chile nos apasionan la ciencia, los animales y unirlos para mejorar y proteger vidas. Todos los d\u00edas, lo hacemos posible al brindar productos y apoyo excepcionales a cl\u00ednicas veterinarias e instalaciones de cr\u00eda de caballos en todo el mundo.\" \/>\n<meta name=\"robots\" content=\"index, follow, max-snippet:-1, max-image-preview:large, max-video-preview:-1\" \/>\n<link rel=\"canonical\" href=\"https:\/\/plasvacc.com\/cl\/company-overview\/\" \/>\n<meta property=\"og:locale\" content=\"es_ES\" \/>\n<meta property=\"og:type\" content=\"article\" \/>\n<meta property=\"og:title\" content=\"Company Overview - Plasvacc Chile\" \/>\n<meta property=\"og:description\" content=\"En Plasvacc Chile nos apasionan la ciencia, los animales y unirlos para mejorar y proteger vidas. Todos los d\u00edas, lo hacemos posible al brindar productos y apoyo excepcionales a cl\u00ednicas veterinarias e instalaciones de cr\u00eda de caballos en todo el mundo.\" \/>\n<meta property=\"og:url\" content=\"https:\/\/plasvacc.com\/cl\/company-overview\/\" \/>\n<meta property=\"og:site_name\" content=\"Plasvacc Chile\" \/>\n<meta property=\"article:modified_time\" content=\"2024-10-08T22:43:15+00:00\" \/>\n<meta name=\"twitter:card\" content=\"summary_large_image\" \/>\n<meta name=\"twitter:label1\" content=\"Est. reading time\" \/>\n\t<meta name=\"twitter:data1\" content=\"2 minutos\" \/>\n<script type=\"application\/ld+json\" class=\"yoast-schema-graph\">{\"@context\":\"https:\/\/schema.org\",\"@graph\":[{\"@type\":\"WebPage\",\"@id\":\"https:\/\/plasvacc.com\/cl\/company-overview\/\",\"url\":\"https:\/\/plasvacc.com\/cl\/company-overview\/\",\"name\":\"Company Overview - Plasvacc Chile\",\"isPartOf\":{\"@id\":\"https:\/\/plasvacc.com\/cl\/#website\"},\"datePublished\":\"2023-07-06T19:45:36+00:00\",\"dateModified\":\"2024-10-08T22:43:15+00:00\",\"description\":\"En Plasvacc Chile nos apasionan la ciencia, los animales y unirlos para mejorar y proteger vidas. Todos los d\u00edas, lo hacemos posible al brindar productos y apoyo excepcionales a cl\u00ednicas veterinarias e instalaciones de cr\u00eda de caballos en todo el mundo.\",\"breadcrumb\":{\"@id\":\"https:\/\/plasvacc.com\/cl\/company-overview\/#breadcrumb\"},\"inLanguage\":\"es-CL\",\"potentialAction\":[{\"@type\":\"ReadAction\",\"target\":[\"https:\/\/plasvacc.com\/cl\/company-overview\/\"]}]},{\"@type\":\"BreadcrumbList\",\"@id\":\"https:\/\/plasvacc.com\/cl\/company-overview\/#breadcrumb\",\"itemListElement\":[{\"@type\":\"ListItem\",\"position\":1,\"name\":\"Home\",\"item\":\"https:\/\/plasvacc.com\/cl\/\"},{\"@type\":\"ListItem\",\"position\":2,\"name\":\"Company Overview\"}]},{\"@type\":\"WebSite\",\"@id\":\"https:\/\/plasvacc.com\/cl\/#website\",\"url\":\"https:\/\/plasvacc.com\/cl\/\",\"name\":\"Plasvacc Chile\",\"description\":\"High-Quality Equine and Canine Blood Plasma Products\",\"potentialAction\":[{\"@type\":\"SearchAction\",\"target\":{\"@type\":\"EntryPoint\",\"urlTemplate\":\"https:\/\/plasvacc.com\/cl\/?s={search_term_string}\"},\"query-input\":{\"@type\":\"PropertyValueSpecification\",\"valueRequired\":true,\"valueName\":\"search_term_string\"}}],\"inLanguage\":\"es-CL\"}]}<\/script>\n<!-- \/ Yoast SEO plugin. -->","yoast_head_json":{"title":"Company Overview - Plasvacc Chile","description":"En Plasvacc Chile nos apasionan la ciencia, los animales y unirlos para mejorar y proteger vidas. Todos los d\u00edas, lo hacemos posible al brindar productos y apoyo excepcionales a cl\u00ednicas veterinarias e instalaciones de cr\u00eda de caballos en todo el mundo.","robots":{"index":"index","follow":"follow","max-snippet":"max-snippet:-1","max-image-preview":"max-image-preview:large","max-video-preview":"max-video-preview:-1"},"canonical":"https:\/\/plasvacc.com\/cl\/company-overview\/","og_locale":"es_ES","og_type":"article","og_title":"Company Overview - Plasvacc Chile","og_description":"En Plasvacc Chile nos apasionan la ciencia, los animales y unirlos para mejorar y proteger vidas. Todos los d\u00edas, lo hacemos posible al brindar productos y apoyo excepcionales a cl\u00ednicas veterinarias e instalaciones de cr\u00eda de caballos en todo el mundo.","og_url":"https:\/\/plasvacc.com\/cl\/company-overview\/","og_site_name":"Plasvacc Chile","article_modified_time":"2024-10-08T22:43:15+00:00","twitter_card":"summary_large_image","twitter_misc":{"Est. reading time":"2 minutos"},"schema":{"@context":"https:\/\/schema.org","@graph":[{"@type":"WebPage","@id":"https:\/\/plasvacc.com\/cl\/company-overview\/","url":"https:\/\/plasvacc.com\/cl\/company-overview\/","name":"Company Overview - Plasvacc Chile","isPartOf":{"@id":"https:\/\/plasvacc.com\/cl\/#website"},"datePublished":"2023-07-06T19:45:36+00:00","dateModified":"2024-10-08T22:43:15+00:00","description":"En Plasvacc Chile nos apasionan la ciencia, los animales y unirlos para mejorar y proteger vidas. Todos los d\u00edas, lo hacemos posible al brindar productos y apoyo excepcionales a cl\u00ednicas veterinarias e instalaciones de cr\u00eda de caballos en todo el mundo.","breadcrumb":{"@id":"https:\/\/plasvacc.com\/cl\/company-overview\/#breadcrumb"},"inLanguage":"es-CL","potentialAction":[{"@type":"ReadAction","target":["https:\/\/plasvacc.com\/cl\/company-overview\/"]}]},{"@type":"BreadcrumbList","@id":"https:\/\/plasvacc.com\/cl\/company-overview\/#breadcrumb","itemListElement":[{"@type":"ListItem","position":1,"name":"Home","item":"https:\/\/plasvacc.com\/cl\/"},{"@type":"ListItem","position":2,"name":"Company Overview"}]},{"@type":"WebSite","@id":"https:\/\/plasvacc.com\/cl\/#website","url":"https:\/\/plasvacc.com\/cl\/","name":"Plasvacc Chile","description":"High-Quality Equine and Canine Blood Plasma Products","potentialAction":[{"@type":"SearchAction","target":{"@type":"EntryPoint","urlTemplate":"https:\/\/plasvacc.com\/cl\/?s={search_term_string}"},"query-input":{"@type":"PropertyValueSpecification","valueRequired":true,"valueName":"search_term_string"}}],"inLanguage":"es-CL"}]}},"_links":{"self":[{"href":"https:\/\/plasvacc.com\/cl\/wp-json\/wp\/v2\/pages\/5744","targetHints":{"allow":["GET"]}}],"collection":[{"href":"https:\/\/plasvacc.com\/cl\/wp-json\/wp\/v2\/pages"}],"about":[{"href":"https:\/\/plasvacc.com\/cl\/wp-json\/wp\/v2\/types\/page"}],"author":[{"embeddable":true,"href":"https:\/\/plasvacc.com\/cl\/wp-json\/wp\/v2\/users\/1"}],"replies":[{"embeddable":true,"href":"https:\/\/plasvacc.com\/cl\/wp-json\/wp\/v2\/comments?post=5744"}],"version-history":[{"count":0,"href":"https:\/\/plasvacc.com\/cl\/wp-json\/wp\/v2\/pages\/5744\/revisions"}],"wp:attachment":[{"href":"https:\/\/plasvacc.com\/cl\/wp-json\/wp\/v2\/media?parent=5744"}],"curies":[{"name":"wp","href":"https:\/\/api.w.org\/{rel}","templated":true}]}}